{"id":15897,"date":"2024-03-05T17:21:00","date_gmt":"2024-03-05T16:21:00","guid":{"rendered":"https:\/\/cafelabranza.com\/?post_type=product&#038;p=15897"},"modified":"2026-01-22T02:51:54","modified_gmt":"2026-01-22T01:51:54","slug":"cafe-en-granos-presentacion-de-500-g-en-granos-cafe-premium-tueste-medio-oscuro-full-city","status":"publish","type":"product","link":"https:\/\/cafelabranza.com\/index.php\/product\/cafe-en-granos-presentacion-de-500-g-en-granos-cafe-premium-tueste-medio-oscuro-full-city\/","title":{"rendered":"Caf\u00e9 Premium de 500 g &#8211; En granos"},"content":{"rendered":"<p style=\"text-align: justify;\">Bolsas para caf\u00e9 reutilizables con V\u00e1lvula + Zip Lock, recubrimiento interior en Aluminio grado alimenticio, vertical standing. Espesor: 150 micras. Material seguro para los alimentos: polipropileno mate + forro interior protector fundido de aluminio. Estas bolsas son seguras de usar con alimentos. Perfecto para sostener granos de caf\u00e9 hasta que est\u00e9s listo para moler y preparar una taza de caf\u00e9 fresca. Consejos: la capa exterior est\u00e1 hecha de polipropileno mate (no papel kraft). Cierre de cremallera resellable y reutilizable: las bolsas de alimentos de pie son resellables, puedes utilizarlas una y otra vez. La cremallera lateral resellable puede proteger los alimentos de la humedad, apto para la conservaci\u00f3n de alimentos durante mucho tiempo.<br \/>\nIncluye V\u00e1lvula desgasificadora unidireccional, el cual es una parte muy importante del empaque del caf\u00e9, al permitir la liberaci\u00f3n de gases emitidos por los granos tostados e impedir que \u00e9stos se oxiden para as\u00ed conservar su aroma y sabor.<\/p>\n","protected":false},"excerpt":{"rendered":"<p style=\"text-align: justify;\">Nuestro Caf\u00e9 100% puro y de Especie Ar\u00e1bica. Es cosechado en diversas zonas procedente de los Pueblos del Sur (Guaraque \u2013 Canagua \u2013 Chacanta) con alturas promedios de 1700 msnm y del municipio Santa Cruz de Mora (Meza Bol\u00edvar \u2013 Mesa de Las Palmas) con altura promedio de 1550 msnm.<\/p>\n<p style=\"text-align: justify;\">Este caf\u00e9 Premium surge de la particular combinaci\u00f3n de sus f\u00e9rtiles suelos; as\u00ed como de un clima caracterizado por su alta humedad durante todo el a\u00f1o y sus inviernos nublados, los cuales, de manera conjunta, especifican una acidez balanceada, en intenso aroma, el sabor a especias y el apreciable cuerpo que caracterizan al caf\u00e9 andino. La altitud de sus plantaciones, las distintas variedades de ar\u00e1bicas incorporadas al proceso productivo del caf\u00e9 reci\u00e9n despulpado, garantizan en el caf\u00e9 de la regi\u00f3n unas notas afrutadas, una acidez inigualable que, aunadas a las caracter\u00edsticas f\u00edsicas del grano, selecci\u00f3n manual, al proceso de tostado artesanal y a las cualidades en la taza, otorga a nuestro Caf\u00e9 Labranza una experiencia sensorial \u00fanica e inigualable.<\/p>\n<p style=\"text-align: left;\"><strong>Tueste<\/strong>: Medio Oscuro (Full City).<br \/>\n<strong>Especie:<\/strong> 100% Ar\u00e1bica.<br \/>\n<strong>Origen:<\/strong> Santa Cruz de Mora \u2013 Pueblos de Sur, Edo. M\u00e9rida.<br \/>\n<strong>Variedad:<\/strong> Catuai \/ Caturra.<br \/>\n<strong>Categor\u00eda:<\/strong> Gourmet &#8211; Premium.<br \/>\n<strong>Proceso:<\/strong> Lavado.<br \/>\n<strong>Altura:<\/strong> 1550 m.s.n.m.<br \/>\n<strong>perfil de la taza:<\/strong> Panela, C\u00edtrico, Chocolate.<br \/>\n<strong>Cuerpo:<\/strong> Sedoso.<br \/>\n<strong>Acidez:<\/strong> Balanceada.<br \/>\n<strong>Empaque:<\/strong> Especial y Personalizado con V\u00e1lvula.<br \/>\n<strong>Selecci\u00f3n:<\/strong> Manual antes y despu\u00e9s del tueste.<br \/>\n<strong>Costo 7$ \/ 14$ dependiendo de la presentaci\u00f3n<\/strong><\/p>\n<p style=\"text-align: justify;\">\n","protected":false},"featured_media":15986,"comment_status":"open","ping_status":"closed","template":"","meta":[],"product_cat":[36],"product_tag":[46],"class_list":["post-15897","product","type-product","status-publish","has-post-thumbnail","hentry","product_cat-cafe","product_tag-bolsa-de-papel"],"_links":{"self":[{"href":"https:\/\/cafelabranza.com\/index.php\/wp-json\/wp\/v2\/product\/15897","targetHints":{"allow":["GET"]}}],"collection":[{"href":"https:\/\/cafelabranza.com\/index.php\/wp-json\/wp\/v2\/product"}],"about":[{"href":"https:\/\/cafelabranza.com\/index.php\/wp-json\/wp\/v2\/types\/product"}],"replies":[{"embeddable":true,"href":"https:\/\/cafelabranza.com\/index.php\/wp-json\/wp\/v2\/comments?post=15897"}],"wp:featuredmedia":[{"embeddable":true,"href":"https:\/\/cafelabranza.com\/index.php\/wp-json\/wp\/v2\/media\/15986"}],"wp:attachment":[{"href":"https:\/\/cafelabranza.com\/index.php\/wp-json\/wp\/v2\/media?parent=15897"}],"wp:term":[{"taxonomy":"product_cat","embeddable":true,"href":"https:\/\/cafelabranza.com\/index.php\/wp-json\/wp\/v2\/product_cat?post=15897"},{"taxonomy":"product_tag","embeddable":true,"href":"https:\/\/cafelabranza.com\/index.php\/wp-json\/wp\/v2\/product_tag?post=15897"}],"curies":[{"name":"wp","href":"https:\/\/api.w.org\/{rel}","templated":true}]}}