{"id":14836,"date":"2023-09-05T23:58:36","date_gmt":"2023-09-05T21:58:36","guid":{"rendered":"https:\/\/cafelabranza.com\/?page_id=14836"},"modified":"2023-09-06T00:07:42","modified_gmt":"2023-09-05T22:07:42","slug":"terminos-y-condiciones","status":"publish","type":"page","link":"https:\/\/cafelabranza.com\/index.php\/terminos-y-condiciones\/","title":{"rendered":"T\u00e9rminos y Condiciones"},"content":{"rendered":"<p>[vc_row][vc_column][vc_column_text]<\/p>\n<ol>\n<li><strong> Aceptaci\u00f3n de los T\u00e9rminos<\/strong> Al usar o acceder a nuestro sitio web, usted acepta cumplir con estos T\u00e9rminos y Condiciones. Si no est\u00e1 de acuerdo con estos t\u00e9rminos, no utilice este sitio.<\/li>\n<li><strong> Propiedad Intelectual<\/strong> Todo el contenido, logos, gr\u00e1ficos, y dise\u00f1o en este sitio son propiedad de Caf\u00e9Labranza. No se permite su reproducci\u00f3n, distribuci\u00f3n o modificaci\u00f3n sin nuestro previo consentimiento escrito.<\/li>\n<li><strong> Uso del Sitio<\/strong> Usted acepta utilizar este sitio de una manera que no infrinja los derechos de terceros, ni restringa o inhiba el uso y disfrute del mismo por parte de otros usuarios.<\/li>\n<li><strong> Limitaci\u00f3n de Responsabilidad<\/strong> Caf\u00e9Labranza no garantiza que el sitio web estar\u00e1 libre de errores o interrupciones, y no ser\u00e1 responsable por da\u00f1os derivados del uso del sitio.<\/li>\n<li><strong> Enlaces a Terceros<\/strong> Nuestro sitio puede contener enlaces a sitios web de terceros. No somos responsables por el contenido o pol\u00edticas de esos sitios.<\/li>\n<li><strong> Cambios en los T\u00e9rminos<\/strong> Caf\u00e9Labranza puede modificar estos t\u00e9rminos en cualquier momento. Es responsabilidad del usuario revisar regularmente estos t\u00e9rminos.<\/li>\n<li><strong> Jurisdicci\u00f3n<\/strong> Cualquier disputa relacionada con estos t\u00e9rminos estar\u00e1 sujeta a las leyes del pa\u00eds o jurisdicci\u00f3n correspondiente.<\/li>\n<li><strong> Contacto<\/strong> Para cualquier pregunta o comentario sobre estos t\u00e9rminos, cont\u00e1ctenos en [tu direcci\u00f3n de correo].<\/li>\n<\/ol>\n<p>[\/vc_column_text][\/vc_column][\/vc_row]<\/p>\n","protected":false},"excerpt":{"rendered":"<p>[vc_row][vc_column][vc_column_text] Aceptaci\u00f3n de los T\u00e9rminos Al usar o acceder a nuestro sitio web, usted acepta cumplir con estos T\u00e9rminos y Condiciones. Si no est\u00e1 de acuerdo con estos t\u00e9rminos, no&#8230;<\/p>\n","protected":false},"author":1,"featured_media":0,"parent":0,"menu_order":0,"comment_status":"closed","ping_status":"closed","template":"","meta":{"footnotes":""},"class_list":["post-14836","page","type-page","status-publish","hentry"],"_links":{"self":[{"href":"https:\/\/cafelabranza.com\/index.php\/wp-json\/wp\/v2\/pages\/14836","targetHints":{"allow":["GET"]}}],"collection":[{"href":"https:\/\/cafelabranza.com\/index.php\/wp-json\/wp\/v2\/pages"}],"about":[{"href":"https:\/\/cafelabranza.com\/index.php\/wp-json\/wp\/v2\/types\/page"}],"author":[{"embeddable":true,"href":"https:\/\/cafelabranza.com\/index.php\/wp-json\/wp\/v2\/users\/1"}],"replies":[{"embeddable":true,"href":"https:\/\/cafelabranza.com\/index.php\/wp-json\/wp\/v2\/comments?post=14836"}],"version-history":[{"count":2,"href":"https:\/\/cafelabranza.com\/index.php\/wp-json\/wp\/v2\/pages\/14836\/revisions"}],"predecessor-version":[{"id":14840,"href":"https:\/\/cafelabranza.com\/index.php\/wp-json\/wp\/v2\/pages\/14836\/revisions\/14840"}],"wp:attachment":[{"href":"https:\/\/cafelabranza.com\/index.php\/wp-json\/wp\/v2\/media?parent=14836"}],"curies":[{"name":"wp","href":"https:\/\/api.w.org\/{rel}","templated":true}]}}