{"id":14321,"date":"2023-08-04T19:59:15","date_gmt":"2023-08-04T17:59:15","guid":{"rendered":"https:\/\/cafelabranza.com\/?page_id=14321"},"modified":"2026-01-29T04:38:28","modified_gmt":"2026-01-29T03:38:28","slug":"tostadora-de-cafe","status":"publish","type":"page","link":"https:\/\/cafelabranza.com\/index.php\/tostadora-de-cafe\/","title":{"rendered":"Coffee roasters"},"content":{"rendered":"<p>[vc_row content_width=\u00bbgrid\u00bb css=\u00bb.vc_custom_1700592425611{padding-top: 15px !important;padding-bottom: 20px !important;background-color: #eae7de !important;}\u00bb el_class=\u00bbroasters\u00bb][vc_column]<div class=\"edgtf-elements-holder edgtf-two-columns edgtf-responsive-mode-768\" ><div class=\"edgtf-elements-holder-item \" data-item-class=\"edgtf-elements-holder-custom-774503\" data-768-1024=\"25% 20% 10% 0%\" data-600-768=\"16% 0% 0% 0%\" data-480=\"26% 3% 0% 0%\" >\n\t\t<div class=\"edgtf-elements-holder-item-inner\">\n\t\t<div class=\"edgtf-elements-holder-item-content edgtf-elements-holder-custom-774503\" style=\"padding: 0 1% 0 0\">\n\t\t\t[vc_empty_space height=\u00bb15px\u00bb][vc_column_text css_animation=\u00bbzoomIn\u00bb el_class=\u00bbreserva\u00bb]<\/p>\n<h2 data-pm-slice=\"1 1 &#091;&#093;\"><span class=\"letrascoffee\">RESERVA UN D\u00cdA DE EXPERIENCIAS INCRE\u00cdBLES CON NUESTRO CAF\u00c9<\/span><\/h2>\n<p>[\/vc_column_text][vc_empty_space height=\u00bb25px\u00bb]<div class=\"edgtf-separator-holder clearfix  edgtf-separator-left\">\n\t<div class=\"edgtf-separator\" style=\"width: 120px;border-bottom-width: 3px\"><\/div>\n<\/div>\n[vc_empty_space height=\u00bb25px\u00bb][vc_column_text css_animation=\u00bbnone\u00bb]Experimenta el inolvidable sabor de Caf\u00e9 Labranza, donde cada grano cuenta una historia. Cada paso de su camino desde las laderas de M\u00e9rida, Venezuela hasta su taza, es meticulosamente orquestado para asegurar un sorbo lleno de sorpresas.<\/p>\n<p>&nbsp;<\/p>\n<p>El Caf\u00e9 Labranza es un tesoro gourmet, un producto de los suelos f\u00e9rtiles y el clima h\u00famedo de las zonas altas de M\u00e9rida. Sus inviernos nublados colaboran en su alta acidez, aroma intenso, sabor especiado y cuerpo robusto; todas caracter\u00edsticas esenciales de un aut\u00e9ntico caf\u00e9 andino.<\/p>\n<p>&nbsp;<\/p>\n<p>La altitud de sus cultivos y las distintas variedades de caf\u00e9 ar\u00e1bico, a\u00f1adidas a las frescas notas afrutadas, garantizan una acidez incomparable y una experiencia sensorial \u00fanica. Cada grano es cuidadosamente seleccionado y despulpado, y luego es tostado artesanalmente para resaltar sus notas y atributos.<\/p>\n<p>&nbsp;<\/p>\n<p>Caf\u00e9 Labranza no es simplemente un caf\u00e9, es una aut\u00e9ntica experiencia sensorial. 100% ar\u00e1bico, 100% M\u00e9rida, 100% Venezuela.<\/p>\n<h3><\/h3>\n<p>[\/vc_column_text][vc_empty_space height=\u00bb30px\u00bb][vc_column_text css_animation=\u00bbbounceInDown\u00bb]<\/p>\n<h3>Desc\u00fabrelo hoy mismo.<\/h3>\n<p>&nbsp;<\/p>\n<h3><\/h3>\n<p>[\/vc_column_text]\t\t<\/div>\n\t<\/div>\n\t<\/div><div class=\"edgtf-elements-holder-item \" data-item-class=\"edgtf-elements-holder-custom-442390\" data-600-768=\"0 0 3% 0\" >\n\t\t<div class=\"edgtf-elements-holder-item-inner\">\n\t\t<div class=\"edgtf-elements-holder-item-content edgtf-elements-holder-custom-442390\" style=\"padding: 0 0 0 0\">\n\t\t\t[vc_single_image image=\u00bb16109&#8243; img_size=\u00bbfull\u00bb style=\u00bbvc_box_shadow_border\u00bb css_animation=\u00bbappear\u00bb]\t\t<\/div>\n\t<\/div>\n\t<\/div><\/div><div class=\"edgtf-separator-holder clearfix  edgtf-separator-center\">\n\t<div class=\"edgtf-separator\" ><\/div>\n<\/div>\n[vc_empty_space height=\u00bb30px\u00bb][vc_row_inner content_aligment=\u00bbright\u00bb css=\u00bb.vc_custom_1769657818724{border-left-width: 20px !important;}\u00bb][vc_column_inner css=\u00bb.vc_custom_1769657905621{padding-left: 30% !important;}\u00bb]<div class=\"edgtf-image-gallery\">\n\t<div class=\"edgtf-image-gallery-slider\" data-autoplay=\"3\" data-animation=\"fade\" data-navigation=\"yes\" data-pagination=\"yes\">\n\t\t\t\t\t\t<a itemprop=\"url\" href=\"https:\/\/cafelabranza.com\/wp-content\/uploads\/2026\/01\/Cafe-de-origen-Merida.jpeg\" data-rel=\"prettyPhoto[single_pretty_photo]\" title=\"Caf\u00e9 de origen &#8211; M\u00e9rida\">\n\t\t\t\t\t\t\t\t\t\t<img loading=\"lazy\" decoding=\"async\" width=\"717\" height=\"1024\" src=\"https:\/\/cafelabranza.com\/wp-content\/uploads\/2026\/01\/Cafe-de-origen-Merida-717x1024.jpeg\" class=\"attachment-large size-large\" alt=\"\" srcset=\"https:\/\/cafelabranza.com\/wp-content\/uploads\/2026\/01\/Cafe-de-origen-Merida-717x1024.jpeg 717w, https:\/\/cafelabranza.com\/wp-content\/uploads\/2026\/01\/Cafe-de-origen-Merida-210x300.jpeg 210w, https:\/\/cafelabranza.com\/wp-content\/uploads\/2026\/01\/Cafe-de-origen-Merida-768x1097.jpeg 768w, https:\/\/cafelabranza.com\/wp-content\/uploads\/2026\/01\/Cafe-de-origen-Merida-600x857.jpeg 600w, https:\/\/cafelabranza.com\/wp-content\/uploads\/2026\/01\/Cafe-de-origen-Merida.jpeg 896w\" sizes=\"auto, (max-width: 717px) 100vw, 717px\" \/>\t\t\t\t\t\t\t\t\t\t<\/a>\n\t\t\t\t\t\t\t<a itemprop=\"url\" href=\"https:\/\/cafelabranza.com\/wp-content\/uploads\/2026\/01\/Cafe-de-especialidad-Miranda.jpeg\" data-rel=\"prettyPhoto[single_pretty_photo]\" title=\"Caf\u00e9 de especialidad &#8211; Miranda\">\n\t\t\t\t\t\t\t\t\t\t<img loading=\"lazy\" decoding=\"async\" width=\"712\" height=\"1024\" src=\"https:\/\/cafelabranza.com\/wp-content\/uploads\/2026\/01\/Cafe-de-especialidad-Miranda-712x1024.jpeg\" class=\"attachment-large size-large\" alt=\"\" srcset=\"https:\/\/cafelabranza.com\/wp-content\/uploads\/2026\/01\/Cafe-de-especialidad-Miranda-712x1024.jpeg 712w, https:\/\/cafelabranza.com\/wp-content\/uploads\/2026\/01\/Cafe-de-especialidad-Miranda-209x300.jpeg 209w, https:\/\/cafelabranza.com\/wp-content\/uploads\/2026\/01\/Cafe-de-especialidad-Miranda-768x1105.jpeg 768w, https:\/\/cafelabranza.com\/wp-content\/uploads\/2026\/01\/Cafe-de-especialidad-Miranda-600x863.jpeg 600w, https:\/\/cafelabranza.com\/wp-content\/uploads\/2026\/01\/Cafe-de-especialidad-Miranda.jpeg 890w\" sizes=\"auto, (max-width: 712px) 100vw, 712px\" \/>\t\t\t\t\t\t\t\t\t\t<\/a>\n\t\t\t\t\t\t\t<a itemprop=\"url\" href=\"https:\/\/cafelabranza.com\/wp-content\/uploads\/2026\/01\/Cafe-de-especialidad-Merida.jpeg\" data-rel=\"prettyPhoto[single_pretty_photo]\" title=\"Caf\u00e9 de especialidad &#8211; M\u00e9rida\">\n\t\t\t\t\t\t\t\t\t\t<img loading=\"lazy\" decoding=\"async\" width=\"714\" height=\"1024\" src=\"https:\/\/cafelabranza.com\/wp-content\/uploads\/2026\/01\/Cafe-de-especialidad-Merida-714x1024.jpeg\" class=\"attachment-large size-large\" alt=\"\" srcset=\"https:\/\/cafelabranza.com\/wp-content\/uploads\/2026\/01\/Cafe-de-especialidad-Merida-714x1024.jpeg 714w, https:\/\/cafelabranza.com\/wp-content\/uploads\/2026\/01\/Cafe-de-especialidad-Merida-209x300.jpeg 209w, https:\/\/cafelabranza.com\/wp-content\/uploads\/2026\/01\/Cafe-de-especialidad-Merida-768x1102.jpeg 768w, https:\/\/cafelabranza.com\/wp-content\/uploads\/2026\/01\/Cafe-de-especialidad-Merida-600x861.jpeg 600w, https:\/\/cafelabranza.com\/wp-content\/uploads\/2026\/01\/Cafe-de-especialidad-Merida.jpeg 892w\" sizes=\"auto, (max-width: 714px) 100vw, 714px\" \/>\t\t\t\t\t\t\t\t\t\t<\/a>\n\t\t\t\t<\/div>\n<\/div>[\/vc_column_inner][\/vc_row_inner][vc_empty_space height=\u00bb25px\u00bb][vc_column_text]<\/p>\n<h2><strong>\u00bfPor qu\u00e9 se tuesta el caf\u00e9?<\/strong><\/h2>\n<p>[\/vc_column_text][vc_empty_space height=\u00bb25px\u00bb][vc_column_text css_animation=\u00bbnone\u00bb el_class=\u00bbtexto-cafe-roaster\u00bb]El caf\u00e9 verde sin tostar es imbebible. Es preciso tostarlo para que se desarrollen las caracter\u00edsticas organol\u00e9pticas, aquellas que apreciamos mediante los sentidos, como el aroma o los sabores.<\/p>\n<p>&nbsp;<\/p>\n<p>Durante el tueste o tostado y en funci\u00f3n de las caracter\u00edsticas de la materia prima y los par\u00e1metros del proceso, se producen reacciones de pir\u00f3lisis que dan lugar a importantes cambios f\u00edsicos en el caf\u00e9 y a la formaci\u00f3n de las sustancias responsables de las apreciadas cualidades sensoriales del caf\u00e9.<\/p>\n<p>&nbsp;<\/p>\n<p>A lo largo del proceso, el grano gana un 100% de volumen, disminuye entre un 12 y un 20% su peso y pierde alrededor del 10% de su cafe\u00edna. Descienden, tambi\u00e9n, sus componentes \u00e1cidos y aumentan ligeramente las grasas.[\/vc_column_text][vc_empty_space height=\u00bb25px\u00bb][vc_column_text]<\/p>\n<h3><strong>Relaci\u00f3n color, aroma y tipo de tueste <\/strong><\/h3>\n<p>[\/vc_column_text][vc_empty_space height=\u00bb25px\u00bb][vc_row_inner][vc_column_inner width=\u00bb1\/5&#8243;]<div class=\"edgtf-iwt clearfix edgtf-iwt-icon-top edgtf-iwt-icon-tiny\">\n    <div class=\"edgtf-iwt-icon-holder\">\n                    <div class=\"edgtf-iwt-custom-icon\" >\n                <img loading=\"lazy\" decoding=\"async\" width=\"66\" height=\"76\" src=\"https:\/\/cafelabranza.com\/wp-content\/uploads\/2023\/07\/Recurso-7-e1690309635160.png\" class=\"attachment-full size-full\" alt=\"\" \/>            <\/div>\n            <\/div>\n    <div class=\"edgtf-iwt-content-holder\" >\n        <div class=\"edgtf-iwt-title-holder\">\n            <h4 >Ligero<\/h4>\n        <\/div>\n        <div class=\"edgtf-iwt-text-holder\">\n            <p >Los tostados ligeros tienen un tono marr\u00f3n claro y no muestran rastros de aceite en la superficie de los granos. Desprenden un aroma afrutado y preservan en gran medida el sabor original del grano de caf\u00e9, lo que les brinda un toque de acidez. Adem\u00e1s, contienen una mayor cantidad de cafe\u00edna en comparaci\u00f3n con los tostados m\u00e1s oscuros. Algunos de los nombres comunes para este tipo de tostado son ``Light city`` o ``Canela``.<\/p>\n\n                    <\/div>\n    <\/div>\n<\/div>[\/vc_column_inner][vc_column_inner width=\u00bb1\/5&#8243;]<div class=\"edgtf-iwt clearfix edgtf-iwt-icon-top edgtf-iwt-icon-tiny\">\n    <div class=\"edgtf-iwt-icon-holder\">\n                    <div class=\"edgtf-iwt-custom-icon\" >\n                <img loading=\"lazy\" decoding=\"async\" width=\"66\" height=\"76\" src=\"https:\/\/cafelabranza.com\/wp-content\/uploads\/2023\/07\/Recurso-7-e1690309635160.png\" class=\"attachment-full size-full\" alt=\"\" \/>            <\/div>\n            <\/div>\n    <div class=\"edgtf-iwt-content-holder\" >\n        <div class=\"edgtf-iwt-title-holder\">\n            <h4 >Medio (City)<\/h4>\n        <\/div>\n        <div class=\"edgtf-iwt-text-holder\">\n            <p >Color 55 a 60 - aroma suave, \u00e1cido - gusto original del producto - cuerpo ligero. Poco apropiado para espresso. En taza: \u00e1cido, vinoso, dulce (especialmente si se desarrolla bien) y jugoso, con arom\u00e1ticos florales y frutales, toques de caramelo y cuerpo ligero. Puede ser herboso lim\u00f3n y agrio si no se desarrolla adecuadamente.<\/p>\n\n                    <\/div>\n    <\/div>\n<\/div>[\/vc_column_inner][vc_column_inner width=\u00bb1\/5&#8243;]<div class=\"edgtf-iwt clearfix edgtf-iwt-icon-top edgtf-iwt-icon-tiny\">\n    <div class=\"edgtf-iwt-icon-holder\">\n                    <div class=\"edgtf-iwt-custom-icon\" >\n                <img loading=\"lazy\" decoding=\"async\" width=\"66\" height=\"76\" src=\"https:\/\/cafelabranza.com\/wp-content\/uploads\/2023\/07\/Recurso-7-e1690309635160.png\" class=\"attachment-full size-full\" alt=\"\" \/>            <\/div>\n            <\/div>\n    <div class=\"edgtf-iwt-content-holder\" >\n        <div class=\"edgtf-iwt-title-holder\">\n            <h4 >Medio (City +)<\/h4>\n        <\/div>\n        <div class=\"edgtf-iwt-text-holder\">\n            <p >Color 50 a 55 - aroma m\u00e1s intenso - empiezan gustos algo amargo, pero mantiene un buen equilibrio. Balance agradable de acidez moderada, caramelos suaves y cuerpo medio. En taza: Caramelizado, con fruta madura y cuerpo medio.<\/p>\n\n                    <\/div>\n    <\/div>\n<\/div>[\/vc_column_inner][vc_column_inner width=\u00bb1\/5&#8243;]<div class=\"edgtf-iwt clearfix edgtf-iwt-icon-top edgtf-iwt-icon-tiny\">\n    <div class=\"edgtf-iwt-icon-holder\">\n                    <div class=\"edgtf-iwt-custom-icon\" >\n                <img loading=\"lazy\" decoding=\"async\" width=\"66\" height=\"76\" src=\"https:\/\/cafelabranza.com\/wp-content\/uploads\/2023\/07\/Recurso-7-e1690309635160.png\" class=\"attachment-full size-full\" alt=\"\" \/>            <\/div>\n            <\/div>\n    <div class=\"edgtf-iwt-content-holder\" >\n        <div class=\"edgtf-iwt-title-holder\">\n            <h4 >Medio alto (Full City)<\/h4>\n        <\/div>\n        <div class=\"edgtf-iwt-text-holder\">\n            <p >Color 45 a 50 - aroma muy intenso, pero perdiendo matices, amargo y cuerpo alto. En la taza: agridulce, acaramelado, picante y, a menudo, a nuez o picante, con un fuerte cuerpo almibarado.<\/p>\n\n                    <\/div>\n    <\/div>\n<\/div>[\/vc_column_inner][vc_column_inner width=\u00bb1\/5&#8243;]<div class=\"edgtf-iwt clearfix edgtf-iwt-icon-top edgtf-iwt-icon-tiny\">\n    <div class=\"edgtf-iwt-icon-holder\">\n                    <div class=\"edgtf-iwt-custom-icon\" >\n                <img loading=\"lazy\" decoding=\"async\" width=\"66\" height=\"76\" src=\"https:\/\/cafelabranza.com\/wp-content\/uploads\/2023\/07\/Recurso-7-e1690309635160.png\" class=\"attachment-full size-full\" alt=\"\" \/>            <\/div>\n            <\/div>\n    <div class=\"edgtf-iwt-content-holder\" >\n        <div class=\"edgtf-iwt-title-holder\">\n            <h4 >Oscuro (Franc\u00e9s)<\/h4>\n        <\/div>\n        <div class=\"edgtf-iwt-text-holder\">\n            <p >Color 40 a 45 - empiezan a notarse aromas algo quemados y gustos amargos pronunciados, pierde acidez, pero puede funcionar bien en lugares donde gusta el caf\u00e9 fuerte. Muy oscuro: menor de 40 - pierde aroma, desprende muchos aceites. En la taza: quemado, amargo y ahumado, con toques de caramelo y achocolatado; el cuerpo puede ser pesado o medio, ya que el cuerpo alcanza un pico en un asado franc\u00e9s m\u00e1s ligero y disminuye con m\u00e1s asado.<\/p>\n\n                    <\/div>\n    <\/div>\n<\/div>[\/vc_column_inner][\/vc_row_inner][\/vc_column][\/vc_row][vc_row content_width=\u00bbgrid\u00bb css=\u00bb.vc_custom_1485351530724{padding-top: 20px !important;padding-bottom: 80px !important;}\u00bb][vc_column offset=\u00bbvc_col-lg-6 vc_col-md-12 vc_col-xs-12&#8243;][vc_column_text]<\/p>\n<h2>Escr\u00edbenos<\/h2>\n<p>[\/vc_column_text][vc_empty_space height=\u00bb20px\u00bb]\n<div class=\"wpcf7 no-js\" id=\"wpcf7-f7671-o1\" lang=\"en-US\" dir=\"ltr\">\n<div class=\"screen-reader-response\"><p role=\"status\" aria-live=\"polite\" aria-atomic=\"true\"><\/p> <ul><\/ul><\/div>\n<form action=\"\/index.php\/wp-json\/wp\/v2\/pages\/14321#wpcf7-f7671-o1\" method=\"post\" class=\"wpcf7-form init\" aria-label=\"Contact form\" novalidate=\"novalidate\" data-status=\"init\">\n<div style=\"display: none;\">\n<input type=\"hidden\" name=\"_wpcf7\" value=\"7671\" \/>\n<input type=\"hidden\" name=\"_wpcf7_version\" value=\"5.8.1\" \/>\n<input type=\"hidden\" name=\"_wpcf7_locale\" value=\"en_US\" \/>\n<input type=\"hidden\" name=\"_wpcf7_unit_tag\" value=\"wpcf7-f7671-o1\" \/>\n<input type=\"hidden\" name=\"_wpcf7_container_post\" value=\"0\" \/>\n<input type=\"hidden\" name=\"_wpcf7_posted_data_hash\" value=\"\" \/>\n<input type=\"hidden\" name=\"_wpcf7_recaptcha_response\" value=\"\" \/>\n<\/div>\n<p><span class=\"wpcf7-form-control-wrap\" data-name=\"checkbox-350\"><span class=\"wpcf7-form-control wpcf7-checkbox\"><\/span><\/span>\n<\/p>\n<div>\n\t<p><span class=\"wpcf7-form-control-wrap\" data-name=\"tu\"><input size=\"40\" class=\"wpcf7-form-control wpcf7-text\" aria-invalid=\"false\" placeholder=\"Tu Nombre:\" value=\"\" type=\"text\" name=\"tu\" \/><\/span>\n\t<\/p>\n<\/div>\n<div>\n\t<p><span class=\"wpcf7-form-control-wrap\" data-name=\"email\"><input size=\"40\" class=\"wpcf7-form-control wpcf7-email wpcf7-text wpcf7-validates-as-email\" aria-invalid=\"false\" placeholder=\"Email:\" value=\"\" type=\"email\" name=\"email\" \/><\/span>\n\t<\/p>\n<\/div>\n<div>\n\t<p><span class=\"wpcf7-form-control-wrap\" data-name=\"your-message\"><textarea cols=\"40\" rows=\"11\" class=\"wpcf7-form-control wpcf7-textarea\" aria-invalid=\"false\" placeholder=\"Tu Mensaje:\" name=\"your-message\"><\/textarea><\/span>\n\t<\/p>\n<\/div>\n<div>\n\t<p><span class=\"wpcf7-form-control-wrap kc_captcha\" data-name=\"kc_captcha\"><span class=\"wpcf7-form-control wpcf7-radio\"><span class=\"captcha-image\" ><span class=\"cf7ic_instructions\">Please prove you are human by selecting the<span> flag<\/span>.<\/span><label><input aria-label=\"1\" type=\"radio\" name=\"kc_captcha\" value=\"bot\" \/><svg aria-hidden=\"true\" role=\"img\" xmlns=\"http:\/\/www.w3.org\/2000\/svg\" viewBox=\"0 0 640 512\"><path fill=\"currentColor\" d=\"M192 384h192c53 0 96-43 96-96h32a128 128 0 000-256H120c-13 0-24 11-24 24v232c0 53 43 96 96 96zM512 96a64 64 0 010 128h-32V96h32zm48 384H48c-47 0-61-64-36-64h584c25 0 11 64-36 64z\"\/><\/svg><\/label><label><input aria-label=\"2\" type=\"radio\" name=\"kc_captcha\" value=\"kc_human\" \/><svg aria-hidden=\"true\" role=\"img\" xmlns=\"http:\/\/www.w3.org\/2000\/svg\" viewBox=\"0 0 512 512\"><path fill=\"currentColor\" d=\"M350 99c-54 0-98-35-166-35-25 0-47 4-68 12a56 56 0 004-24C118 24 95 1 66 0a56 56 0 00-34 102v386c0 13 11 24 24 24h16c13 0 24-11 24-24v-94c28-12 64-23 114-23 54 0 98 35 166 35 48 0 86-16 122-41 9-6 14-15 14-26V96c0-23-24-39-45-29-35 16-77 32-117 32z\"\/><\/svg><\/label><label><input aria-label=\"3\" type=\"radio\" name=\"kc_captcha\" value=\"bot\" \/><svg aria-hidden=\"true\" role=\"img\" xmlns=\"http:\/\/www.w3.org\/2000\/svg\" viewBox=\"0 0 512 512\"><path fill=\"currentColor\" d=\"M512 176a176 176 0 01-209 173l-24 27a24 24 0 01-18 8h-37v40c0 13-11 24-24 24h-40v40c0 13-11 24-24 24H24c-13 0-24-11-24-24v-78c0-6 3-13 7-17l162-162a176 176 0 11343-55zm-176-48a48 48 0 1096 0 48 48 0 00-96 0z\"\/><\/svg><\/label>\r\n    <\/span>\r\n    <span style=\"display:none\">\r\n        <input type=\"text\" name=\"kc_honeypot\">\r\n    <\/span><\/span><\/span>\n\t<\/p>\n<\/div>\n<div class=\"edgtf-cf7-submit-right\">\n\t<p><input class=\"wpcf7-form-control wpcf7-submit has-spinner\" type=\"submit\" value=\"Enviar\" \/>\n\t<\/p>\n<\/div><div class=\"wpcf7-response-output\" aria-hidden=\"true\"><\/div>\n<\/form>\n<\/div>\n[vc_empty_space height=\u00bb40px\u00bb][\/vc_column][vc_column offset=\u00bbvc_col-lg-6 vc_col-md-12 vc_col-xs-12&#8243;]<div class=\"edgtf-elements-holder edgtf-three-columns edgtf-responsive-mode-768\" ><div class=\"edgtf-elements-holder-item \" data-item-class=\"edgtf-elements-holder-custom-706751\" data-768-1024=\"13% 0 0 0\" data-600-768=\"5% 0 0 0\" data-480=\"5% 0 0 0\" >\n\t\t<div class=\"edgtf-elements-holder-item-inner\">\n\t\t<div class=\"edgtf-elements-holder-item-content edgtf-elements-holder-custom-706751\" style=\"padding: 0 0 0 0\">\n\t\t\t[vc_empty_space height=\u00bb25px\u00bb]<div class=\"edgtf-iwt clearfix edgtf-iwt-icon-left edgtf-iwt-icon-tiny\">\n    <div class=\"edgtf-iwt-icon-holder\">\n                    \n    <span class=\"edgtf-icon-shortcode normal\"  data-color=\"#f191b8\">\n        \n        <i class=\"edgtf-icon-linear-icon lnr lnr-phone-handset edgtf-icon-element\" style=\"color: #f191b8;font-size:25px\" ><\/i>\n            <\/span>\n\n            <\/div>\n    <div class=\"edgtf-iwt-content-holder\" >\n        <div class=\"edgtf-iwt-title-holder\">\n            <h4 >Telefono<\/h4>\n        <\/div>\n        <div class=\"edgtf-iwt-text-holder\">\n            <p >Cell: +58412-4010894<\/p>\n\n                    <\/div>\n    <\/div>\n<\/div><div class=\"edgtf-iwt clearfix edgtf-iwt-icon-left edgtf-iwt-icon-tiny\">\n    <div class=\"edgtf-iwt-icon-holder\">\n                    \n    <span class=\"edgtf-icon-shortcode normal\"  data-color=\"#f191b8\">\n        \n        <i class=\"edgtf-icon-linear-icon lnr lnr-envelope edgtf-icon-element\" style=\"color: #f191b8;font-size:25px\" ><\/i>\n            <\/span>\n\n            <\/div>\n    <div class=\"edgtf-iwt-content-holder\" >\n        <div class=\"edgtf-iwt-title-holder\">\n            <h4 >Correos<\/h4>\n        <\/div>\n        <div class=\"edgtf-iwt-text-holder\">\n            <p >labranza17@gmail.com<\/p>\n\n                    <\/div>\n    <\/div>\n<\/div><div class=\"edgtf-iwt clearfix edgtf-iwt-icon-left edgtf-iwt-icon-tiny\">\n    <div class=\"edgtf-iwt-icon-holder\">\n                    \n    <span class=\"edgtf-icon-shortcode normal\"  data-color=\"#f191b8\">\n        \n        <i class=\"edgtf-icon-font-awesome fa fa-instagram edgtf-icon-element\" style=\"color: #f191b8;font-size:25px\" ><\/i>\n            <\/span>\n\n            <\/div>\n    <div class=\"edgtf-iwt-content-holder\" >\n        <div class=\"edgtf-iwt-title-holder\">\n            <h4 >Instagram<\/h4>\n        <\/div>\n        <div class=\"edgtf-iwt-text-holder\">\n            <p ><\/p>\n\n                            <a itemprop=\"url\" class=\"edgtf-iwt-link\" href=\"https:\/\/instagram.com\/cafe_labranza?igshid=NjIwNzIyMDk2Mg==\" target=\"_blank\">@Cafe_labranza<\/a>\n                    <\/div>\n    <\/div>\n<\/div><div class=\"edgtf-iwt clearfix edgtf-iwt-icon-left edgtf-iwt-icon-tiny\">\n    <div class=\"edgtf-iwt-icon-holder\">\n                    \n    <span class=\"edgtf-icon-shortcode normal\"  data-color=\"#f191b8\">\n        \n        <i class=\"edgtf-icon-font-awesome fa fa-facebook-official edgtf-icon-element\" style=\"color: #f191b8;font-size:25px\" ><\/i>\n            <\/span>\n\n            <\/div>\n    <div class=\"edgtf-iwt-content-holder\" >\n        <div class=\"edgtf-iwt-title-holder\">\n            <h4 >Facebook<\/h4>\n        <\/div>\n        <div class=\"edgtf-iwt-text-holder\">\n            <p ><\/p>\n\n                            <a itemprop=\"url\" class=\"edgtf-iwt-link\" href=\"https:\/\/www.facebook.com\/profile.php?id=100089886424745\" target=\"_self\">Labranza Coffe Roasters<\/a>\n                    <\/div>\n    <\/div>\n<\/div><div class=\"edgtf-iwt clearfix edgtf-iwt-icon-left edgtf-iwt-icon-tiny\">\n    <div class=\"edgtf-iwt-icon-holder\">\n                    \n    <span class=\"edgtf-icon-shortcode normal\"  data-color=\"#f191b8\">\n        \n        <i class=\"edgtf-icon-font-awesome fa fa-whatsapp edgtf-icon-element\" style=\"color: #f191b8;font-size:25px\" ><\/i>\n            <\/span>\n\n            <\/div>\n    <div class=\"edgtf-iwt-content-holder\" >\n        <div class=\"edgtf-iwt-title-holder\">\n            <h4 >Whatsapp<\/h4>\n        <\/div>\n        <div class=\"edgtf-iwt-text-holder\">\n            <p ><\/p>\n\n                            <a itemprop=\"url\" class=\"edgtf-iwt-link\" href=\"https:\/\/api.whatsapp.com\/send\/?phone=584124010894&amp;text&amp;type=phone_number&amp;app_absent=0\" target=\"_self\">+58412-4010894<\/a>\n                    <\/div>\n    <\/div>\n<\/div>\t\t<\/div>\n\t<\/div>\n\t<\/div><div class=\"edgtf-elements-holder-item \" data-item-class=\"edgtf-elements-holder-custom-315758\" data-768-1024=\"13% 0 0 0\" data-600-768=\"5% 0 0 0\" data-480=\"5% 0 0 0\" >\n\t\t<div class=\"edgtf-elements-holder-item-inner\">\n\t\t<div class=\"edgtf-elements-holder-item-content edgtf-elements-holder-custom-315758\" style=\"padding: 0 0 0 0\">\n\t\t\t[vc_single_image image=\u00bb14068&#8243; img_size=\u00bbmedium\u00bb]\t\t<\/div>\n\t<\/div>\n\t<\/div><\/div>[vc_empty_space height=\u00bb40px\u00bb][\/vc_column][\/vc_row][vc_row][vc_column][vc_empty_space][\/vc_column][\/vc_row]<\/p>\n","protected":false},"excerpt":{"rendered":"<p>[vc_row content_width=\u00bbgrid\u00bb css=\u00bb.vc_custom_1700592425611{padding-top: 15px !important;padding-bottom: 20px !important;background-color: #eae7de !important;}\u00bb el_class=\u00bbroasters\u00bb][vc_column][vc_empty_space height=\u00bb30px\u00bb][vc_row_inner content_aligment=\u00bbright\u00bb css=\u00bb.vc_custom_1769657818724{border-left-width: 20px !important;}\u00bb][vc_column_inner css=\u00bb.vc_custom_1769657905621{padding-left: 30% !important;}\u00bb][\/vc_column_inner][\/vc_row_inner][vc_empty_space height=\u00bb25px\u00bb][vc_column_text] \u00bfPor qu\u00e9 se tuesta el caf\u00e9? [\/vc_column_text][vc_empty_space height=\u00bb25px\u00bb][vc_column_text css_animation=\u00bbnone\u00bb el_class=\u00bbtexto-cafe-roaster\u00bb]El caf\u00e9&#8230;<\/p>\n","protected":false},"author":1,"featured_media":0,"parent":0,"menu_order":0,"comment_status":"closed","ping_status":"closed","template":"","meta":{"footnotes":""},"class_list":["post-14321","page","type-page","status-publish","hentry"],"_links":{"self":[{"href":"https:\/\/cafelabranza.com\/index.php\/wp-json\/wp\/v2\/pages\/14321","targetHints":{"allow":["GET"]}}],"collection":[{"href":"https:\/\/cafelabranza.com\/index.php\/wp-json\/wp\/v2\/pages"}],"about":[{"href":"https:\/\/cafelabranza.com\/index.php\/wp-json\/wp\/v2\/types\/page"}],"author":[{"embeddable":true,"href":"https:\/\/cafelabranza.com\/index.php\/wp-json\/wp\/v2\/users\/1"}],"replies":[{"embeddable":true,"href":"https:\/\/cafelabranza.com\/index.php\/wp-json\/wp\/v2\/comments?post=14321"}],"version-history":[{"count":96,"href":"https:\/\/cafelabranza.com\/index.php\/wp-json\/wp\/v2\/pages\/14321\/revisions"}],"predecessor-version":[{"id":16239,"href":"https:\/\/cafelabranza.com\/index.php\/wp-json\/wp\/v2\/pages\/14321\/revisions\/16239"}],"wp:attachment":[{"href":"https:\/\/cafelabranza.com\/index.php\/wp-json\/wp\/v2\/media?parent=14321"}],"curies":[{"name":"wp","href":"https:\/\/api.w.org\/{rel}","templated":true}]}}