{"id":14216,"date":"2023-08-02T16:49:01","date_gmt":"2023-08-02T14:49:01","guid":{"rendered":"https:\/\/cafelabranza.com\/?page_id=14216"},"modified":"2026-01-29T04:42:03","modified_gmt":"2026-01-29T03:42:03","slug":"quienes-somos","status":"publish","type":"page","link":"https:\/\/cafelabranza.com\/index.php\/quienes-somos\/","title":{"rendered":"\u00bfQUI\u00c9NES SOMOS?"},"content":{"rendered":"<p>[vc_row content_width=\u00bbgrid\u00bb css=\u00bb.vc_custom_1486644094256{padding-top: 15px !important;padding-bottom: 20px !important;background-color: #eae7de !important;}\u00bb][\/vc_row][vc_column][\/vc_column]<div class=\"edgtf-elements-holder edgtf-two-columns edgtf-responsive-mode-768\" ><div class=\"edgtf-elements-holder-item \" data-item-class=\"edgtf-elements-holder-custom-331653\" data-768-1024=\"25% 20% 10% 0%\" data-600-768=\"16% 0% 0% 0%\" data-480=\"26% 3% 0% 0%\" >\n\t\t<div class=\"edgtf-elements-holder-item-inner\">\n\t\t<div class=\"edgtf-elements-holder-item-content edgtf-elements-holder-custom-331653\" style=\"padding: 0 1% 0 0\">\n\t\t\t[vc_empty_space height=\u00bb25px\u00bb][vc_column_text css_animation=\u00bbzoomIn\u00bb]<\/p>\n<h2>\u00a0\u00bfQUI\u00c9NES SOMOS?<\/h2>\n<p>[\/vc_column_text]<div class=\"edgtf-separator-holder clearfix  edgtf-separator-left\">\n\t<div class=\"edgtf-separator\" style=\"width: 120px;border-bottom-width: 3px\"><\/div>\n<\/div>\n[vc_empty_space height=\u00bb25px\u00bb][vc_column_text css_animation=\u00bbfadeInLeft\u00bb el_class=\u00bbjustificar\u00bb]<\/p>\n<p style=\"text-align: justify; padding-right: 150px;\"><strong>P<\/strong>\u00e1ramo Roasters, C.A., es una empresa dedicada a la b\u00fasqueda, selecci\u00f3n, procesamiento y trillado de caf\u00e9 verde para su posterior tostado, molido y empaquetado para la distribuci\u00f3n y comercializaci\u00f3n de caf\u00e9 en distintas variedades y presentaciones, con el fin de surtir el mercado nacional.<\/p>\n<p style=\"text-align: justify; padding-left: 150px;\"><strong>N<\/strong>uestra empresa nace en el sector El Valle, en la ciudad de M\u00e9rida, Estado M\u00e9rida. Opera y funciona actualmente en la ciudad de Caracas, con la producci\u00f3n de nuestra propia marca: Caf\u00e9 Labranza, un caf\u00e9 100% puro del tipo ar\u00e1bico, procedente de dos sectores cafetaleros de Santa Cruz de Mora, del Edo. M\u00e9rida, en los poblados de Guaraque, Canagua y Meza Bol\u00edvar.<\/p>\n<p style=\"text-align: justify; padding-right: 150px;\"><strong>N<\/strong>uestro caf\u00e9 es de categor\u00eda <em>gourmet\u00a0<\/em>y surge de la particular combinaci\u00f3n de sus f\u00e9rtiles suelos; as\u00ed como de un clima caracterizado por su alta humedad durante todo el a\u00f1o y sus inviernos nublados, los cuales, de manera conjunta, otorgan una acidez balanceada, un intenso aroma, sabor a especias y el apreciable cuerpo que caracterizan al caf\u00e9 andino<\/p>\n<p style=\"text-align: justify; padding-left: 150px;\"><strong>L<\/strong>a altitud de sus plantaciones, las distintas variedades de ar\u00e1bicas incorporadas al proceso productivo del caf\u00e9 reci\u00e9n despulpado, garantizan en el caf\u00e9 de la regi\u00f3n unas notas afrutadas y c\u00edtricas, una acidez inigualable que, aunadas a las caracter\u00edsticas f\u00edsicas del grano, al proceso de tostado artesanal y a las cualidades en la taza, otorga a nuestro Caf\u00e9 Labranza una experiencia sensorial \u00fanica e inigualable.<\/p>\n<p style=\"text-align: justify; padding-right: 150px;\"><strong>A<\/strong>ctualmente crecemos y avanzamos hacia la expansi\u00f3n de nuestra producci\u00f3n para la captaci\u00f3n de nuevos mercados fuera de nuestro \u00e1mbito local, ofreciendo nuestros productos con est\u00e1ndares de calidad y precio competitivos para su distribuci\u00f3n nacional e internacional<\/p>\n<p>[\/vc_column_text][vc_empty_space height=\u00bb25px\u00bb]\t\t<\/div>\n\t<\/div>\n\t<\/div><div class=\"edgtf-elements-holder-item \" data-item-class=\"edgtf-elements-holder-custom-197904\" data-600-768=\"0 0 3% 0\" >\n\t\t<div class=\"edgtf-elements-holder-item-inner\">\n\t\t<div class=\"edgtf-elements-holder-item-content edgtf-elements-holder-custom-197904\" style=\"padding: 0 0 0 0\">\n\t\t\t[vc_single_image image=\u00bb16121&#8243; img_size=\u00bbfull\u00bb alignment=\u00bbcenter\u00bb style=\u00bbvc_box_shadow_border\u00bb css_animation=\u00bbappear\u00bb]\t\t<\/div>\n\t<\/div>\n\t<\/div><\/div><div class=\"edgtf-separator-holder clearfix  edgtf-separator-center\">\n\t<div class=\"edgtf-separator\" ><\/div>\n<\/div>\n[vc_row content_width=\u00bbgrid\u00bb css=\u00bb.vc_custom_1486644094256{padding-top: 15px !important;padding-bottom: 20px !important;background-color: #eae7de !important;}\u00bb][\/vc_row][vc_column][\/vc_column]<div class=\"edgtf-elements-holder edgtf-two-columns edgtf-responsive-mode-768\" ><div class=\"edgtf-elements-holder-item \" data-item-class=\"edgtf-elements-holder-custom-752875\" data-600-768=\"0 0 3% 0\" >\n\t\t<div class=\"edgtf-elements-holder-item-inner\">\n\t\t<div class=\"edgtf-elements-holder-item-content edgtf-elements-holder-custom-752875\" style=\"padding: 0 0 0 0\">\n\t\t\t[vc_single_image image=\u00bb15613&#8243; img_size=\u00bbfull\u00bb alignment=\u00bbcenter\u00bb style=\u00bbvc_box_shadow_border\u00bb css_animation=\u00bbappear\u00bb]\t\t<\/div>\n\t<\/div>\n\t<\/div><div class=\"edgtf-elements-holder-item \" data-item-class=\"edgtf-elements-holder-custom-955992\" data-768-1024=\"25% 20% 10% 0%\" data-600-768=\"16% 0% 0% 0%\" data-480=\"26% 3% 0% 0%\" >\n\t\t<div class=\"edgtf-elements-holder-item-inner\">\n\t\t<div class=\"edgtf-elements-holder-item-content edgtf-elements-holder-custom-955992\" style=\"padding: 0 1% 0 0\">\n\t\t\t[vc_empty_space height=\u00bb25px\u00bb][vc_column_text css_animation=\u00bbzoomIn\u00bb css=\u00bb.vc_custom_1699980396964{padding-left: 10px !important;}\u00bb]<\/p>\n<h2 style=\"text-align: left;\">MISI\u00d3N<\/h2>\n<p>[\/vc_column_text]<div class=\"edgtf-separator-holder clearfix  edgtf-separator-left\">\n\t<div class=\"edgtf-separator\" style=\"width: 120px;border-bottom-width: 3px\"><\/div>\n<\/div>\n[vc_empty_space height=\u00bb15px\u00bb el_class=\u00bbjustificar\u00bb][vc_column_text css_animation=\u00bbnone\u00bb css=\u00bb.vc_custom_1694188209164{padding-left: 10px !important;}\u00bb el_class=\u00bbjustificar\u00bb]Convertirnos en empresa l\u00edder a nivel nacional en el proceso de producci\u00f3n y comercializaci\u00f3n de Caf\u00e9, con la m\u00e1s alta eficiencia, responsabilidad y \u00e9tica, con niveles de rentabilidad que aseguren su supervivencia y crecimiento en el mercado nacional; proporcionando tambi\u00e9n servicios de calidad gracias a un equipo de gente proactiva y comprometida en alcanzar altos niveles de productividad.[\/vc_column_text][vc_empty_space height=\u00bb15px\u00bb][vc_column_text css_animation=\u00bbzoomIn\u00bb css=\u00bb.vc_custom_1707159289281{padding-left: 10px !important;}\u00bb]<\/p>\n<h2 style=\"text-align: left;\">VISI\u00d3N<\/h2>\n<p>[\/vc_column_text]<div class=\"edgtf-separator-holder clearfix  edgtf-separator-left\">\n\t<div class=\"edgtf-separator\" style=\"width: 120px;border-bottom-width: 3px\"><\/div>\n<\/div>\n[vc_empty_space height=\u00bb15px\u00bb el_class=\u00bbjustificar\u00bb][vc_column_text css_animation=\u00bbnone\u00bb css=\u00bb.vc_custom_1702494888511{padding-left: 10px !important;}\u00bb el_class=\u00bbjustificar\u00bb]Consolidarnos como una empresa de prestigio a nivel nacional, para que Caf\u00e9 Labranza surja con el firme prop\u00f3sito de participar activa y eficientemente en el desarrollo del proceso de producci\u00f3n y comercializaci\u00f3n de Caf\u00e9 en Venezuela y si es posible a nivel internacional, proporcionando un servicio profesional de forma eficaz y de calidad, con capital humano calificado y altamente comprometido, con el objeto de mantener el liderazgo y al mismo tiempo contribuir con el desarrollo y modernizaci\u00f3n de la producci\u00f3n de caf\u00e9.[\/vc_column_text][vc_empty_space height=\u00bb15px\u00bb]\t\t<\/div>\n\t<\/div>\n\t<\/div><\/div><div class=\"edgtf-separator-holder clearfix  edgtf-separator-center\">\n\t<div class=\"edgtf-separator\" ><\/div>\n<\/div>\n[vc_row content_width=\u00bbgrid\u00bb css=\u00bb.vc_custom_1486644094256{padding-top: 15px !important;padding-bottom: 20px !important;background-color: #eae7de !important;}\u00bb][\/vc_row][vc_column][\/vc_column]<div class=\"edgtf-elements-holder edgtf-two-columns edgtf-responsive-mode-768\" ><div class=\"edgtf-elements-holder-item \" data-item-class=\"edgtf-elements-holder-custom-728860\" data-768-1024=\"25% 20% 10% 0%\" data-600-768=\"16% 0% 0% 0%\" data-480=\"26% 3% 0% 0%\" >\n\t\t<div class=\"edgtf-elements-holder-item-inner\">\n\t\t<div class=\"edgtf-elements-holder-item-content edgtf-elements-holder-custom-728860\" style=\"padding: 0 1% 0 0\">\n\t\t\t[vc_empty_space height=\u00bb5px\u00bb][vc_column_text css_animation=\u00bbzoomIn\u00bb]<\/p>\n<h2 class=\"valores\">Valores \u00c9ticos Individuales:<\/h2>\n<p>[\/vc_column_text][vc_empty_space height=\u00bb25px\u00bb]<div class=\"edgtf-separator-holder clearfix  edgtf-separator-left\">\n\t<div class=\"edgtf-separator\" style=\"width: 120px;border-bottom-width: 3px\"><\/div>\n<\/div>\n[vc_empty_space height=\u00bb25px\u00bb][vc_column_text css_animation=\u00bbnone\u00bb el_class=\u00bbjustificar\u00bb]<\/p>\n<p style=\"text-align: justify;\">Paramo Roasters, C.A. Presenta los valores \u00e9ticos individuales, con el prop\u00f3sito de demostrar el origen del progreso econ\u00f3mico y desarrollo social del mundo, entre los cuales se mencionan:<\/p>\n<p style=\"text-align: justify; padding-right: 150px;\"><strong>La Pasi\u00f3n:<\/strong> ser\u00e1 nuestro motivador a ser siempre mejores, con amor a lo que hacemos, a cada detalle, la pasi\u00f3n que nos lleva al \u00e9xito continuo.<\/p>\n<p style=\"text-align: justify; padding-left: 150px;\"><strong>La Calidad:<\/strong> radicara desde la perfecci\u00f3n en la siembra del caf\u00e9, la cosecha, la selecci\u00f3n, el tueste y el empaque hasta la innovaci\u00f3n en la ejecuci\u00f3n de los productos para que el cliente siempre tenga lo mejor.<\/p>\n<p style=\"text-align: justify; padding-right: 150px;\"><strong>Identificaci\u00f3n e Integraci\u00f3n con la empresa:<\/strong> adem\u00e1s de la dedicaci\u00f3n y conocimiento del trabajo y como norte el trabajo en equipo.<\/p>\n<p style=\"text-align: justify; padding-left: 150px;\"><strong>Aceptaci\u00f3n de la bondad del ahorro y la austeridad:<\/strong> teniendo en cuenta la negaci\u00f3n a la ineficiencia y el despilfarro. Respeto a la propiedad, as\u00ed como el cumplimiento de los contratos.<\/p>\n<p style=\"text-align: justify; padding-right: 150px;\"><strong>Honestidad:<\/strong> Transparencia en transacciones y actuaciones.<\/p>\n<p>[\/vc_column_text][vc_empty_space height=\u00bb15px\u00bb]\t\t<\/div>\n\t<\/div>\n\t<\/div><div class=\"edgtf-elements-holder-item \" data-item-class=\"edgtf-elements-holder-custom-266406\" data-600-768=\"0 0 3% 0\" >\n\t\t<div class=\"edgtf-elements-holder-item-inner\">\n\t\t<div class=\"edgtf-elements-holder-item-content edgtf-elements-holder-custom-266406\" style=\"padding: 0 0 0 0\">\n\t\t\t[vc_single_image image=\u00bb16240&#8243; img_size=\u00bb600&#215;585&#8243; alignment=\u00bbcenter\u00bb style=\u00bbvc_box_shadow_border\u00bb css_animation=\u00bbappear\u00bb]\t\t<\/div>\n\t<\/div>\n\t<\/div><\/div><div class=\"edgtf-separator-holder clearfix  edgtf-separator-center\">\n\t<div class=\"edgtf-separator\" ><\/div>\n<\/div>\n[vc_row content_width=\u00bbgrid\u00bb css=\u00bb.vc_custom_1486644094256{padding-top: 15px !important;padding-bottom: 20px !important;background-color: #eae7de !important;}\u00bb][\/vc_row][vc_column][\/vc_column]<div class=\"edgtf-elements-holder edgtf-two-columns edgtf-responsive-mode-768\" ><\/div><div class=\"edgtf-elements-holder-item \" data-item-class=\"edgtf-elements-holder-custom-750817\" data-600-768=\"0 0 3% 0\" >\n\t\t<div class=\"edgtf-elements-holder-item-inner\">\n\t\t<div class=\"edgtf-elements-holder-item-content edgtf-elements-holder-custom-750817\" style=\"padding: 0 0 0 0\">\n\t\t\t\t\t<\/div>\n\t<\/div>\n\t<\/div><div class=\"edgtf-elements-holder-item \" data-item-class=\"edgtf-elements-holder-custom-307835\" data-768-1024=\"25% 20% 10% 0%\" data-600-768=\"16% 0% 0% 0%\" data-480=\"26% 3% 0% 0%\" >\n\t\t<div class=\"edgtf-elements-holder-item-inner\">\n\t\t<div class=\"edgtf-elements-holder-item-content edgtf-elements-holder-custom-307835\" style=\"padding: 0 1% 0 0\">\n\t\t\t\t\t<\/div>\n\t<\/div>\n\t<\/div>[vc_empty_space height=\u00bb15px\u00bb]<\/p>\n","protected":false},"excerpt":{"rendered":"<p>[vc_row content_width=\u00bbgrid\u00bb css=\u00bb.vc_custom_1486644094256{padding-top: 15px !important;padding-bottom: 20px !important;background-color: #eae7de !important;}\u00bb][\/vc_row][vc_column][\/vc_column][vc_row content_width=\u00bbgrid\u00bb css=\u00bb.vc_custom_1486644094256{padding-top: 15px !important;padding-bottom: 20px !important;background-color: #eae7de !important;}\u00bb][\/vc_row][vc_column][\/vc_column][vc_row content_width=\u00bbgrid\u00bb css=\u00bb.vc_custom_1486644094256{padding-top: 15px !important;padding-bottom: 20px !important;background-color: #eae7de !important;}\u00bb][\/vc_row][vc_column][\/vc_column][vc_row content_width=\u00bbgrid\u00bb css=\u00bb.vc_custom_1486644094256{padding-top: 15px !important;padding-bottom: 20px&#8230;<\/p>\n","protected":false},"author":1,"featured_media":0,"parent":0,"menu_order":0,"comment_status":"closed","ping_status":"closed","template":"","meta":{"footnotes":""},"class_list":["post-14216","page","type-page","status-publish","hentry"],"_links":{"self":[{"href":"https:\/\/cafelabranza.com\/index.php\/wp-json\/wp\/v2\/pages\/14216","targetHints":{"allow":["GET"]}}],"collection":[{"href":"https:\/\/cafelabranza.com\/index.php\/wp-json\/wp\/v2\/pages"}],"about":[{"href":"https:\/\/cafelabranza.com\/index.php\/wp-json\/wp\/v2\/types\/page"}],"author":[{"embeddable":true,"href":"https:\/\/cafelabranza.com\/index.php\/wp-json\/wp\/v2\/users\/1"}],"replies":[{"embeddable":true,"href":"https:\/\/cafelabranza.com\/index.php\/wp-json\/wp\/v2\/comments?post=14216"}],"version-history":[{"count":95,"href":"https:\/\/cafelabranza.com\/index.php\/wp-json\/wp\/v2\/pages\/14216\/revisions"}],"predecessor-version":[{"id":16044,"href":"https:\/\/cafelabranza.com\/index.php\/wp-json\/wp\/v2\/pages\/14216\/revisions\/16044"}],"wp:attachment":[{"href":"https:\/\/cafelabranza.com\/index.php\/wp-json\/wp\/v2\/media?parent=14216"}],"curies":[{"name":"wp","href":"https:\/\/api.w.org\/{rel}","templated":true}]}}